{"id":8,"date":"2025-10-25T15:26:01","date_gmt":"2025-10-25T13:26:01","guid":{"rendered":"https:\/\/kobieta.mdmacademy.pl\/?page_id=8"},"modified":"2025-11-15T18:29:51","modified_gmt":"2025-11-15T17:29:51","slug":"koszyk","status":"publish","type":"page","link":"https:\/\/kobieta.mdmacademy.pl\/?page_id=8","title":{"rendered":"Koszyk"},"content":{"rendered":"\n<div data-block-name=\"woocommerce\/cart\" class=\"wp-block-woocommerce-cart alignwide is-loading\">\n<div data-block-name=\"woocommerce\/filled-cart-block\" class=\"wp-block-woocommerce-filled-cart-block\">\n<div data-block-name=\"woocommerce\/cart-items-block\" class=\"wp-block-woocommerce-cart-items-block\">\n<div data-block-name=\"woocommerce\/cart-line-items-block\" class=\"wp-block-woocommerce-cart-line-items-block\"><\/div>\n\n\n<\/div>\n\n\n\n\n<div data-block-name=\"woocommerce\/cart-totals-block\" class=\"wp-block-woocommerce-cart-totals-block\">\n<div data-block-name=\"woocommerce\/cart-order-summary-block\" class=\"wp-block-woocommerce-cart-order-summary-block\">\n<div data-block-name=\"woocommerce\/cart-order-summary-heading-block\" class=\"wp-block-woocommerce-cart-order-summary-heading-block\"><\/div><div data-block-name=\"woocommerce\/cart-order-summary-coupon-form-block\" class=\"wp-block-woocommerce-cart-order-summary-coupon-form-block\"><\/div><div data-block-name=\"woocommerce\/cart-order-summary-totals-block\" class=\"wp-block-woocommerce-cart-order-summary-totals-block\">\n<div data-block-name=\"woocommerce\/cart-order-summary-subtotal-block\" class=\"wp-block-woocommerce-cart-order-summary-subtotal-block\"><\/div>\n<div data-block-name=\"woocommerce\/cart-order-summary-discount-block\" class=\"wp-block-woocommerce-cart-order-summary-discount-block\"><\/div>\n<div data-block-name=\"woocommerce\/cart-order-summary-fee-block\" class=\"wp-block-woocommerce-cart-order-summary-fee-block\"><\/div>\n<div data-block-name=\"woocommerce\/cart-order-summary-shipping-block\" class=\"wp-block-woocommerce-cart-order-summary-shipping-block\"><\/div>\n<div data-block-name=\"woocommerce\/cart-order-summary-taxes-block\" class=\"wp-block-woocommerce-cart-order-summary-taxes-block\"><\/div><\/div>\n<\/div>\n\n\n\n<div data-block-name=\"woocommerce\/cart-express-payment-block\" class=\"wp-block-woocommerce-cart-express-payment-block\"><\/div>\n\n\n\n<div data-block-name=\"woocommerce\/proceed-to-checkout-block\" class=\"wp-block-woocommerce-proceed-to-checkout-block\"><\/div>\n\n\n\n<div data-block-name=\"woocommerce\/cart-accepted-payment-methods-block\" class=\"wp-block-woocommerce-cart-accepted-payment-methods-block\"><\/div>\n<\/div>\n<\/div>\n\n\n\n<div data-block-name=\"woocommerce\/empty-cart-block\" class=\"wp-block-woocommerce-empty-cart-block\">\n<h2 class=\"wp-block-heading has-text-align-center with-empty-cart-icon wc-block-cart__empty-cart__title\">Tw\u00f3j koszyk jest obecnie pusty!<\/h2>\n\n\n\n<hr class=\"wp-block-separator has-alpha-channel-opacity is-style-dots\"\/>\n\n\n\n<h2 class=\"wp-block-heading has-text-align-center\">Nowe w sklepie<\/h2>\n\n\n<div data-block-name=\"woocommerce\/product-new\" data-columns=\"4\" data-rows=\"1\" class=\"wc-block-grid wp-block-product-new wp-block-woocommerce-product-new wc-block-product-new has-4-columns\"><ul class=\"wc-block-grid__products\"><li class=\"wc-block-grid__product\">\n\t\t\t\t<a href=\"https:\/\/kobieta.mdmacademy.pl\/?product=pelny-pakiet-protokol-zatrzymania-spirali-mysli-granice-w-praktyce\" class=\"wc-block-grid__product-link\">\n\t\t\t\t\t<div class=\"wc-block-grid__product-onsale\">\n\t\t\t<span aria-hidden=\"true\">Promocja<\/span>\n\t\t\t<span class=\"screen-reader-text\">Produkt w promocji<\/span>\n\t\t<\/div>\n\t\t\t\t\t<div class=\"wc-block-grid__product-image\"><img fetchpriority=\"high\" decoding=\"async\" width=\"300\" height=\"300\" src=\"https:\/\/kobieta.mdmacademy.pl\/wp-content\/uploads\/2026\/03\/spiralimysli-300x300.png\" class=\"attachment-woocommerce_thumbnail size-woocommerce_thumbnail\" alt=\"(Pe\u0142ny pakiet) Protok\u00f3\u0142 zatrzymania spirali my\u015bli + Granice w praktyce\" srcset=\"https:\/\/kobieta.mdmacademy.pl\/wp-content\/uploads\/2026\/03\/spiralimysli-300x300.png 300w, https:\/\/kobieta.mdmacademy.pl\/wp-content\/uploads\/2026\/03\/spiralimysli-150x150.png 150w, https:\/\/kobieta.mdmacademy.pl\/wp-content\/uploads\/2026\/03\/spiralimysli-768x768.png 768w, https:\/\/kobieta.mdmacademy.pl\/wp-content\/uploads\/2026\/03\/spiralimysli-600x600.png 600w, https:\/\/kobieta.mdmacademy.pl\/wp-content\/uploads\/2026\/03\/spiralimysli-100x100.png 100w, https:\/\/kobieta.mdmacademy.pl\/wp-content\/uploads\/2026\/03\/spiralimysli.png 1024w\" sizes=\"(max-width: 300px) 100vw, 300px\" \/><\/div>\n\t\t\t\t\t<div class=\"wc-block-grid__product-title\">(Pe\u0142ny pakiet) Protok\u00f3\u0142 zatrzymania spirali my\u015bli + Granice w praktyce<\/div>\n\t\t\t\t<\/a>\n\t\t\t\t<div class=\"wc-block-grid__product-price price\"><del aria-hidden=\"true\"><span class=\"woocommerce-Price-amount amount\">1 023,00&nbsp;<span class=\"woocommerce-Price-currencySymbol\">&#122;&#322;<\/span><\/span><\/del> <span class=\"screen-reader-text\">Pierwotna cena wynosi\u0142a: 1 023,00&nbsp;&#122;&#322;.<\/span><ins aria-hidden=\"true\"><span class=\"woocommerce-Price-amount amount\">246,00&nbsp;<span class=\"woocommerce-Price-currencySymbol\">&#122;&#322;<\/span><\/span><\/ins><span class=\"screen-reader-text\">Aktualna cena wynosi: 246,00&nbsp;&#122;&#322;.<\/span><\/div>\n\t\t\t\t\n\t\t\t\t<div class=\"wp-block-button wc-block-grid__product-add-to-cart\"><a href=\"\/index.php?rest_route=%2Fwp%2Fv2%2Fpages%2F8&#038;add-to-cart=347\" aria-label=\"Dodaj do koszyka: &bdquo;(Pe\u0142ny pakiet) Protok\u00f3\u0142 zatrzymania spirali my\u015bli + Granice w praktyce&rdquo;\" data-quantity=\"1\" data-product_id=\"347\" data-product_sku=\"\" data-price=\"246\" rel=\"nofollow\" class=\"wp-block-button__link wp-element-button add_to_cart_button ajax_add_to_cart\">Dodaj do koszyka<\/a><\/div>\n\t\t\t<\/li><li class=\"wc-block-grid__product\">\n\t\t\t\t<a href=\"https:\/\/kobieta.mdmacademy.pl\/?product=bez-bonusow-protokol-zatrzymania-spirali-mysli-granice-w-praktyce\" class=\"wc-block-grid__product-link\">\n\t\t\t\t\t<div class=\"wc-block-grid__product-onsale\">\n\t\t\t<span aria-hidden=\"true\">Promocja<\/span>\n\t\t\t<span class=\"screen-reader-text\">Produkt w promocji<\/span>\n\t\t<\/div>\n\t\t\t\t\t<div class=\"wc-block-grid__product-image\"><img decoding=\"async\" width=\"300\" height=\"300\" src=\"https:\/\/kobieta.mdmacademy.pl\/wp-content\/uploads\/2026\/03\/spiralimysli-300x300.png\" class=\"attachment-woocommerce_thumbnail size-woocommerce_thumbnail\" alt=\"(Bez bonus\u00f3w) Protok\u00f3\u0142 zatrzymania spirali my\u015bli + Granice w praktyce\" srcset=\"https:\/\/kobieta.mdmacademy.pl\/wp-content\/uploads\/2026\/03\/spiralimysli-300x300.png 300w, https:\/\/kobieta.mdmacademy.pl\/wp-content\/uploads\/2026\/03\/spiralimysli-150x150.png 150w, https:\/\/kobieta.mdmacademy.pl\/wp-content\/uploads\/2026\/03\/spiralimysli-768x768.png 768w, https:\/\/kobieta.mdmacademy.pl\/wp-content\/uploads\/2026\/03\/spiralimysli-600x600.png 600w, https:\/\/kobieta.mdmacademy.pl\/wp-content\/uploads\/2026\/03\/spiralimysli-100x100.png 100w, https:\/\/kobieta.mdmacademy.pl\/wp-content\/uploads\/2026\/03\/spiralimysli.png 1024w\" sizes=\"(max-width: 300px) 100vw, 300px\" \/><\/div>\n\t\t\t\t\t<div class=\"wc-block-grid__product-title\">(Bez bonus\u00f3w) Protok\u00f3\u0142 zatrzymania spirali my\u015bli + Granice w praktyce<\/div>\n\t\t\t\t<\/a>\n\t\t\t\t<div class=\"wc-block-grid__product-price price\"><del aria-hidden=\"true\"><span class=\"woocommerce-Price-amount amount\">1 023,00&nbsp;<span class=\"woocommerce-Price-currencySymbol\">&#122;&#322;<\/span><\/span><\/del> <span class=\"screen-reader-text\">Pierwotna cena wynosi\u0142a: 1 023,00&nbsp;&#122;&#322;.<\/span><ins aria-hidden=\"true\"><span class=\"woocommerce-Price-amount amount\">146,00&nbsp;<span class=\"woocommerce-Price-currencySymbol\">&#122;&#322;<\/span><\/span><\/ins><span class=\"screen-reader-text\">Aktualna cena wynosi: 146,00&nbsp;&#122;&#322;.<\/span><\/div>\n\t\t\t\t\n\t\t\t\t<div class=\"wp-block-button wc-block-grid__product-add-to-cart\"><a href=\"\/index.php?rest_route=%2Fwp%2Fv2%2Fpages%2F8&#038;add-to-cart=348\" aria-label=\"Dodaj do koszyka: &bdquo;(Bez bonus\u00f3w) Protok\u00f3\u0142 zatrzymania spirali my\u015bli + Granice w praktyce&rdquo;\" data-quantity=\"1\" data-product_id=\"348\" data-product_sku=\"\" data-price=\"146\" rel=\"nofollow\" class=\"wp-block-button__link wp-element-button add_to_cart_button ajax_add_to_cart\">Dodaj do koszyka<\/a><\/div>\n\t\t\t<\/li><li class=\"wc-block-grid__product\">\n\t\t\t\t<a href=\"https:\/\/kobieta.mdmacademy.pl\/?product=protokol-zatrzymania-spirali-mysli\" class=\"wc-block-grid__product-link\">\n\t\t\t\t\t<div class=\"wc-block-grid__product-onsale\">\n\t\t\t<span aria-hidden=\"true\">Promocja<\/span>\n\t\t\t<span class=\"screen-reader-text\">Produkt w promocji<\/span>\n\t\t<\/div>\n\t\t\t\t\t<div class=\"wc-block-grid__product-image\"><img decoding=\"async\" width=\"300\" height=\"300\" src=\"https:\/\/kobieta.mdmacademy.pl\/wp-content\/uploads\/2026\/03\/spiralimysli-300x300.png\" class=\"attachment-woocommerce_thumbnail size-woocommerce_thumbnail\" alt=\"PROTOK\u00d3\u0141 ZATRZYMANIA SPIRALI MY\u015aLI\" srcset=\"https:\/\/kobieta.mdmacademy.pl\/wp-content\/uploads\/2026\/03\/spiralimysli-300x300.png 300w, https:\/\/kobieta.mdmacademy.pl\/wp-content\/uploads\/2026\/03\/spiralimysli-150x150.png 150w, https:\/\/kobieta.mdmacademy.pl\/wp-content\/uploads\/2026\/03\/spiralimysli-768x768.png 768w, https:\/\/kobieta.mdmacademy.pl\/wp-content\/uploads\/2026\/03\/spiralimysli-600x600.png 600w, https:\/\/kobieta.mdmacademy.pl\/wp-content\/uploads\/2026\/03\/spiralimysli-100x100.png 100w, https:\/\/kobieta.mdmacademy.pl\/wp-content\/uploads\/2026\/03\/spiralimysli.png 1024w\" sizes=\"(max-width: 300px) 100vw, 300px\" \/><\/div>\n\t\t\t\t\t<div class=\"wc-block-grid__product-title\">PROTOK\u00d3\u0141 ZATRZYMANIA SPIRALI MY\u015aLI<\/div>\n\t\t\t\t<\/a>\n\t\t\t\t<div class=\"wc-block-grid__product-price price\"><del aria-hidden=\"true\"><span class=\"woocommerce-Price-amount amount\">197,00&nbsp;<span class=\"woocommerce-Price-currencySymbol\">&#122;&#322;<\/span><\/span><\/del> <span class=\"screen-reader-text\">Pierwotna cena wynosi\u0142a: 197,00&nbsp;&#122;&#322;.<\/span><ins aria-hidden=\"true\"><span class=\"woocommerce-Price-amount amount\">97,00&nbsp;<span class=\"woocommerce-Price-currencySymbol\">&#122;&#322;<\/span><\/span><\/ins><span class=\"screen-reader-text\">Aktualna cena wynosi: 97,00&nbsp;&#122;&#322;.<\/span><\/div>\n\t\t\t\t\n\t\t\t\t<div class=\"wp-block-button wc-block-grid__product-add-to-cart\"><a href=\"\/index.php?rest_route=%2Fwp%2Fv2%2Fpages%2F8&#038;add-to-cart=305\" aria-label=\"Dodaj do koszyka: &bdquo;PROTOK\u00d3\u0141 ZATRZYMANIA SPIRALI MY\u015aLI&rdquo;\" data-quantity=\"1\" data-product_id=\"305\" data-product_sku=\"\" data-price=\"97\" rel=\"nofollow\" class=\"wp-block-button__link wp-element-button add_to_cart_button ajax_add_to_cart\">Dodaj do koszyka<\/a><\/div>\n\t\t\t<\/li><li class=\"wc-block-grid__product\">\n\t\t\t\t<a href=\"https:\/\/kobieta.mdmacademy.pl\/?product=sniadaniownik\" class=\"wc-block-grid__product-link\">\n\t\t\t\t\t<div class=\"wc-block-grid__product-onsale\">\n\t\t\t<span aria-hidden=\"true\">Promocja<\/span>\n\t\t\t<span class=\"screen-reader-text\">Produkt w promocji<\/span>\n\t\t<\/div>\n\t\t\t\t\t<div class=\"wc-block-grid__product-image\"><img loading=\"lazy\" decoding=\"async\" width=\"300\" height=\"300\" src=\"https:\/\/kobieta.mdmacademy.pl\/wp-content\/uploads\/woocommerce-placeholder.webp\" class=\"woocommerce-placeholder wp-post-image\" alt=\"\" srcset=\"https:\/\/kobieta.mdmacademy.pl\/wp-content\/uploads\/woocommerce-placeholder.webp 1200w, https:\/\/kobieta.mdmacademy.pl\/wp-content\/uploads\/woocommerce-placeholder-300x300.webp 300w, https:\/\/kobieta.mdmacademy.pl\/wp-content\/uploads\/woocommerce-placeholder-1024x1024.webp 1024w, https:\/\/kobieta.mdmacademy.pl\/wp-content\/uploads\/woocommerce-placeholder-150x150.webp 150w, https:\/\/kobieta.mdmacademy.pl\/wp-content\/uploads\/woocommerce-placeholder-768x768.webp 768w\" sizes=\"(max-width: 300px) 100vw, 300px\" \/><\/div>\n\t\t\t\t\t<div class=\"wc-block-grid__product-title\">21 dni do spokoju<\/div>\n\t\t\t\t<\/a>\n\t\t\t\t<div class=\"wc-block-grid__product-price price\"><del aria-hidden=\"true\"><span class=\"woocommerce-Price-amount amount\">427,00&nbsp;<span class=\"woocommerce-Price-currencySymbol\">&#122;&#322;<\/span><\/span><\/del> <span class=\"screen-reader-text\">Pierwotna cena wynosi\u0142a: 427,00&nbsp;&#122;&#322;.<\/span><ins aria-hidden=\"true\"><span class=\"woocommerce-Price-amount amount\">97,00&nbsp;<span class=\"woocommerce-Price-currencySymbol\">&#122;&#322;<\/span><\/span><\/ins><span class=\"screen-reader-text\">Aktualna cena wynosi: 97,00&nbsp;&#122;&#322;.<\/span><\/div>\n\t\t\t\t\n\t\t\t\t<div class=\"wp-block-button wc-block-grid__product-add-to-cart\"><a href=\"\/index.php?rest_route=%2Fwp%2Fv2%2Fpages%2F8&#038;add-to-cart=110\" aria-label=\"Dodaj do koszyka: &bdquo;21 dni do spokoju&rdquo;\" data-quantity=\"1\" data-product_id=\"110\" data-product_sku=\"\" data-price=\"97\" rel=\"nofollow\" class=\"wp-block-button__link wp-element-button add_to_cart_button ajax_add_to_cart\">Dodaj do koszyka<\/a><\/div>\n\t\t\t<\/li><\/ul><\/div><\/div>\n<\/div>\n","protected":false},"excerpt":{"rendered":"","protected":false},"author":1,"featured_media":0,"parent":0,"menu_order":0,"comment_status":"closed","ping_status":"closed","template":"","meta":{"footnotes":""},"class_list":["post-8","page","type-page","status-publish","hentry"],"jetpack_sharing_enabled":true,"_links":{"self":[{"href":"https:\/\/kobieta.mdmacademy.pl\/index.php?rest_route=\/wp\/v2\/pages\/8","targetHints":{"allow":["GET"]}}],"collection":[{"href":"https:\/\/kobieta.mdmacademy.pl\/index.php?rest_route=\/wp\/v2\/pages"}],"about":[{"href":"https:\/\/kobieta.mdmacademy.pl\/index.php?rest_route=\/wp\/v2\/types\/page"}],"author":[{"embeddable":true,"href":"https:\/\/kobieta.mdmacademy.pl\/index.php?rest_route=\/wp\/v2\/users\/1"}],"replies":[{"embeddable":true,"href":"https:\/\/kobieta.mdmacademy.pl\/index.php?rest_route=%2Fwp%2Fv2%2Fcomments&post=8"}],"version-history":[{"count":1,"href":"https:\/\/kobieta.mdmacademy.pl\/index.php?rest_route=\/wp\/v2\/pages\/8\/revisions"}],"predecessor-version":[{"id":38,"href":"https:\/\/kobieta.mdmacademy.pl\/index.php?rest_route=\/wp\/v2\/pages\/8\/revisions\/38"}],"wp:attachment":[{"href":"https:\/\/kobieta.mdmacademy.pl\/index.php?rest_route=%2Fwp%2Fv2%2Fmedia&parent=8"}],"curies":[{"name":"wp","href":"https:\/\/api.w.org\/{rel}","templated":true}]}}